{"id":153,"date":"2017-05-01T14:41:02","date_gmt":"2017-05-01T14:41:02","guid":{"rendered":"http:\/\/rossini-boostedt.de\/?page_id=153"},"modified":"2025-10-31T23:25:06","modified_gmt":"2025-10-31T23:25:06","slug":"puten-und-haehnchengerichte","status":"publish","type":"page","link":"http:\/\/rossini-boostedt.de\/?page_id=153","title":{"rendered":"Puten- und H\u00e4hnchengerichte"},"content":{"rendered":"\n<p>Achtung!!!Preise ab dem 01.11.2025 aktualisiert.<\/p>\n\n\n\n<p><em><strong>Bratkartoffeln kosten 2,00\u20ac extra.<\/strong><\/em><\/p>\n\n\n<p>151 Rossinipfanne \u00a0<strong>19,<\/strong><b>90\u20ac<\/b><\/p>\n<ol>\n<li>Putensteaks <sup>(<\/sup><sup>i,k)<\/sup> mit Zwiebeln und Champignons in J\u00e4gersauce mit K\u00e4se <sup>(<\/sup><sup>g)<\/sup> \u00fcberbacken dazu 1\/4\u00a0 Knoblauchbrot <sup>(<\/sup><sup>a)<\/sup> und Salatbeilage<\/li>\n<\/ol>\n<p>152 H\u00e4hnchengyros Spezial <b>19,90\u20ac<\/b><\/p>\n<p style=\"padding-left: 30px;\">mit frisch gebratenen Zwiebeln Pommes frites, Knoblauchsauce <sup>(c,g,i)<\/sup> und Salatbeilage<\/p>\n<p style=\"text-align: left;\">153 Donaldo <b>18,90\u20ac<\/b><\/p>\n<p style=\"padding-left: 30px;\">panierte <sup>(a,c)<\/sup> Putenfilets <sup>(i,k)<\/sup> mit Spargel und K\u00e4se <sup>(g)<\/sup>,Kroketten,Salatbeilage<\/p>\n<p>155 Putensteaks <b>18,<\/b><b>90\u20ac<\/b><\/p>\n<p style=\"padding-left: 30px;\">in Sahne <sup>(g)<\/sup> und Sauce Hollandaise <sup>(a,c,g,i)<\/sup> Salatbeilage und Kroketten<\/p>\n<p>156 Putensteak <b>18,90\u20ac<\/b><\/p>\n<p style=\"padding-left: 30px;\">mit Champignons und Zwiebeln, Pommes frites und Salatbeilage<\/p>\n<p>157 Putensteak Rahm\u00a0<b>18,90\u20ac<\/b><\/p>\n<p style=\"padding-left: 30px;\">mit Champignons in Rahmsauce <sup>(g)<\/sup> Pommes frites und Salatbeilage<\/p>\n<p>158 Putensteak gegrillt \u00a0<b>18,90\u20ac<\/b><\/p>\n<p style=\"padding-left: 30px;\">dazu Pommes frites und Salatbeilage<\/p>\n<p>\u00a0<\/p>\n<p>161 Curryhuhn Indisch\u00a0\u00a0\u00a0\u00a0 <strong>18,90\u20ac<\/strong><\/p>\n<p>geschnetzeltes H\u00e4hnchenfilet <sup>(i,k)<\/sup> auf Reis, Currysahnesauce <sup>(g)<\/sup>, Erbsen<\/p>\n<p><sup><span style=\"font-size: large;\">Ananas <\/span>(3)<\/sup>,Salatbeilage<\/p>","protected":false},"excerpt":{"rendered":"<p>Achtung!!!Preise ab dem 01.11.2025 aktualisiert. Bratkartoffeln kosten 2,00\u20ac extra. 151 Rossinipfanne \u00a019,90\u20ac Putensteaks (i,k) mit Zwiebeln und Champignons in J\u00e4gersauce mit K\u00e4se (g) \u00fcberbacken dazu 1\/4\u00a0 Knoblauchbrot (a) und Salatbeilage 152 H\u00e4hnchengyros Spezial 19,90\u20ac mit frisch gebratenen Zwiebeln Pommes frites, Knoblauchsauce (c,g,i) und Salatbeilage 153 Donaldo 18,90\u20ac panierte (a,c) Putenfilets (i,k) mit Spargel und K\u00e4se&#8230; <\/p>\n<div class=\"link-more\"><a href=\"http:\/\/rossini-boostedt.de\/?page_id=153\">Read More<\/a><\/div>\n","protected":false},"author":1,"featured_media":0,"parent":0,"menu_order":0,"comment_status":"closed","ping_status":"closed","template":"","meta":[],"_links":{"self":[{"href":"http:\/\/rossini-boostedt.de\/index.php?rest_route=\/wp\/v2\/pages\/153"}],"collection":[{"href":"http:\/\/rossini-boostedt.de\/index.php?rest_route=\/wp\/v2\/pages"}],"about":[{"href":"http:\/\/rossini-boostedt.de\/index.php?rest_route=\/wp\/v2\/types\/page"}],"author":[{"embeddable":true,"href":"http:\/\/rossini-boostedt.de\/index.php?rest_route=\/wp\/v2\/users\/1"}],"replies":[{"embeddable":true,"href":"http:\/\/rossini-boostedt.de\/index.php?rest_route=%2Fwp%2Fv2%2Fcomments&post=153"}],"version-history":[{"count":13,"href":"http:\/\/rossini-boostedt.de\/index.php?rest_route=\/wp\/v2\/pages\/153\/revisions"}],"predecessor-version":[{"id":888,"href":"http:\/\/rossini-boostedt.de\/index.php?rest_route=\/wp\/v2\/pages\/153\/revisions\/888"}],"wp:attachment":[{"href":"http:\/\/rossini-boostedt.de\/index.php?rest_route=%2Fwp%2Fv2%2Fmedia&parent=153"}],"curies":[{"name":"wp","href":"https:\/\/api.w.org\/{rel}","templated":true}]}}