{"id":160,"date":"2017-05-01T14:52:02","date_gmt":"2017-05-01T14:52:02","guid":{"rendered":"http:\/\/rossini-boostedt.de\/?page_id=160"},"modified":"2025-10-31T22:54:06","modified_gmt":"2025-10-31T22:54:06","slug":"mexikanische-gerichte","status":"publish","type":"page","link":"http:\/\/rossini-boostedt.de\/?page_id=160","title":{"rendered":"Mexikanische Gerichte"},"content":{"rendered":"\n<p>Achtung!!! Preise ab dem 01.11.2025 aktualisiert.<br><\/p>\n\n\n\n<p><\/p>\n\n\n\n<p><\/p>\n\n\n\n<p><\/p>\n\n\n\n<p><\/p>\n\n\n<h1>Burritos<\/h1>\n<h2>Weizenmehltortillas <sup>(a)<\/sup> gef\u00fcllt mit Tomaten, Lauch und K\u00e4se dazu Knoblauchsauce <sup>(c,g,k)<\/sup> und Pommes frites.<\/h2>\n<p>170 Burrito <sup>(a)<\/sup> Hack \u00a0<strong>14,<\/strong><b>90\u20ac<\/b><\/p>\n<p style=\"padding-left: 30px;\">mit Rinderhackfleisch <sup>(i,k)<\/sup> fr. Tomaten, Lauchzwiebeln,K\u00e4se <sup>(g)<\/sup> \u00fcberbacken<\/p>\n<p>172 Burrito <sup>(a)<\/sup> H\u00e4hnchen <b>\u00a014,90\u20ac<\/b><\/p>\n<p style=\"padding-left: 30px;\">mit H\u00e4hnchenstreifen <sup>(i,k.)<\/sup>, fr. Tomaten, Lauchzwiebeln,K\u00e4se <sup>(g)<\/sup> \u00fcberbacken<\/p>\n<p>174 Burrito <sup>(a)<\/sup> vegetarisch <strong>14,<\/strong><b>90\u20ac<\/b><\/p>\n<p>Champignons, Zwiebeln, Tomaten,Lauch, Brokkoli,Paprika,K\u00e4se <sup>(g)<\/sup> \u00fcberbacken<\/p>\n<p>175 Burrito <sup>(a)<\/sup> Rossini \u00a0<strong>14,90\u20ac<\/strong><\/p>\n<p style=\"padding-left: 30px;\">Schinken <sup>(2,3,4,15)<\/sup> Salami <sup>(1,2,3,16)<\/sup>, Hack <sup>(i,k)<\/sup>, fr. Tomaten, Lauchzwiebeln,K\u00e4se <sup>(g)<\/sup> \u00fcberbacken<\/p>\n<p>\u00a0<\/p>\n<p style=\"padding-left: 30px;\">\u00a0<\/p>","protected":false},"excerpt":{"rendered":"<p>Achtung!!! Preise ab dem 01.11.2025 aktualisiert. Burritos Weizenmehltortillas (a) gef\u00fcllt mit Tomaten, Lauch und K\u00e4se dazu Knoblauchsauce (c,g,k) und Pommes frites. 170 Burrito (a) Hack \u00a014,90\u20ac mit Rinderhackfleisch (i,k) fr. Tomaten, Lauchzwiebeln,K\u00e4se (g) \u00fcberbacken 172 Burrito (a) H\u00e4hnchen \u00a014,90\u20ac mit H\u00e4hnchenstreifen (i,k.), fr. Tomaten, Lauchzwiebeln,K\u00e4se (g) \u00fcberbacken 174 Burrito (a) vegetarisch 14,90\u20ac Champignons, Zwiebeln, Tomaten,Lauch,&#8230; <\/p>\n<div class=\"link-more\"><a href=\"http:\/\/rossini-boostedt.de\/?page_id=160\">Read More<\/a><\/div>\n","protected":false},"author":1,"featured_media":0,"parent":0,"menu_order":0,"comment_status":"closed","ping_status":"closed","template":"","meta":[],"_links":{"self":[{"href":"http:\/\/rossini-boostedt.de\/index.php?rest_route=\/wp\/v2\/pages\/160"}],"collection":[{"href":"http:\/\/rossini-boostedt.de\/index.php?rest_route=\/wp\/v2\/pages"}],"about":[{"href":"http:\/\/rossini-boostedt.de\/index.php?rest_route=\/wp\/v2\/types\/page"}],"author":[{"embeddable":true,"href":"http:\/\/rossini-boostedt.de\/index.php?rest_route=\/wp\/v2\/users\/1"}],"replies":[{"embeddable":true,"href":"http:\/\/rossini-boostedt.de\/index.php?rest_route=%2Fwp%2Fv2%2Fcomments&post=160"}],"version-history":[{"count":9,"href":"http:\/\/rossini-boostedt.de\/index.php?rest_route=\/wp\/v2\/pages\/160\/revisions"}],"predecessor-version":[{"id":880,"href":"http:\/\/rossini-boostedt.de\/index.php?rest_route=\/wp\/v2\/pages\/160\/revisions\/880"}],"wp:attachment":[{"href":"http:\/\/rossini-boostedt.de\/index.php?rest_route=%2Fwp%2Fv2%2Fmedia&parent=160"}],"curies":[{"name":"wp","href":"https:\/\/api.w.org\/{rel}","templated":true}]}}