{"id":163,"date":"2017-05-01T14:55:15","date_gmt":"2017-05-01T14:55:15","guid":{"rendered":"http:\/\/rossini-boostedt.de\/?page_id=163"},"modified":"2025-10-31T22:45:09","modified_gmt":"2025-10-31T22:45:09","slug":"omelettes","status":"publish","type":"page","link":"http:\/\/rossini-boostedt.de\/?page_id=163","title":{"rendered":"Gerichte mit Ei"},"content":{"rendered":"\n<p>Achtung!!!Preise ab dem 01.11.2025 aktualisiert.<\/p>\n\n\n<h2>\u00a0<\/h2>\n<p>180 Omelette <sup>(c,g)<\/sup>\u00a0<strong>12,90\u20ac<\/strong><\/p>\n<p style=\"padding-left: 30px;\">mit fr. Champignons mit Schinken <sup>(2,3,4,15)<\/sup>, Salatbeilage,1\/4 Brot<sup> (a)<\/sup><\/p>\n<p>182 Bauernfr\u00fchst\u00fcck <strong>14,90\u20ac<\/strong><\/p>\n<p style=\"padding-left: 30px;\">mit Schinken <sup>(2,3,4,15)<\/sup>, R\u00fchrei,Zwiebeln,Gew\u00fcrzgurken und Bratkartoffeln<\/p>\n<p style=\"text-align: left;\">183 Bauernfr\u00fchst\u00fcck Spezial \u00a0<strong>14,90\u20ac<\/strong><\/p>\n<p style=\"padding-left: 30px;\">mit Schinken <sup>(2,3,4,15)<\/sup>, Zwiebeln, Bratkartoffeln, 3 Spiegeleier, Gew\u00fcrzgurke und Salatbeilage<\/p>","protected":false},"excerpt":{"rendered":"<p>Achtung!!!Preise ab dem 01.11.2025 aktualisiert. \u00a0 180 Omelette (c,g)\u00a012,90\u20ac mit fr. Champignons mit Schinken (2,3,4,15), Salatbeilage,1\/4 Brot (a) 182 Bauernfr\u00fchst\u00fcck 14,90\u20ac mit Schinken (2,3,4,15), R\u00fchrei,Zwiebeln,Gew\u00fcrzgurken und Bratkartoffeln 183 Bauernfr\u00fchst\u00fcck Spezial \u00a014,90\u20ac mit Schinken (2,3,4,15), Zwiebeln, Bratkartoffeln, 3 Spiegeleier, Gew\u00fcrzgurke und Salatbeilage<\/p>\n","protected":false},"author":1,"featured_media":0,"parent":0,"menu_order":0,"comment_status":"closed","ping_status":"closed","template":"","meta":[],"_links":{"self":[{"href":"http:\/\/rossini-boostedt.de\/index.php?rest_route=\/wp\/v2\/pages\/163"}],"collection":[{"href":"http:\/\/rossini-boostedt.de\/index.php?rest_route=\/wp\/v2\/pages"}],"about":[{"href":"http:\/\/rossini-boostedt.de\/index.php?rest_route=\/wp\/v2\/types\/page"}],"author":[{"embeddable":true,"href":"http:\/\/rossini-boostedt.de\/index.php?rest_route=\/wp\/v2\/users\/1"}],"replies":[{"embeddable":true,"href":"http:\/\/rossini-boostedt.de\/index.php?rest_route=%2Fwp%2Fv2%2Fcomments&post=163"}],"version-history":[{"count":10,"href":"http:\/\/rossini-boostedt.de\/index.php?rest_route=\/wp\/v2\/pages\/163\/revisions"}],"predecessor-version":[{"id":870,"href":"http:\/\/rossini-boostedt.de\/index.php?rest_route=\/wp\/v2\/pages\/163\/revisions\/870"}],"wp:attachment":[{"href":"http:\/\/rossini-boostedt.de\/index.php?rest_route=%2Fwp%2Fv2%2Fmedia&parent=163"}],"curies":[{"name":"wp","href":"https:\/\/api.w.org\/{rel}","templated":true}]}}