{"id":166,"date":"2017-05-01T14:58:06","date_gmt":"2017-05-01T14:58:06","guid":{"rendered":"http:\/\/rossini-boostedt.de\/?page_id=166"},"modified":"2025-10-31T23:37:20","modified_gmt":"2025-10-31T23:37:20","slug":"spezialitaeten","status":"publish","type":"page","link":"http:\/\/rossini-boostedt.de\/?page_id=166","title":{"rendered":"Spezialit\u00e4ten"},"content":{"rendered":"\n<p>Achtung \u26d4\ufe0f!!! Preis ab 01.11.2025 aktualisiert.<\/p>\n\n\n\n<p><\/p>\n\n\n<p>138 Rossini-Platte 2 P \u00a0 <strong>55,<\/strong><strong>90\u20ac<\/strong><\/p>\n<p>f\u00fcr 2 Personen mit Chicken Wings, Chicken Crossies, H\u00e4hnchengyros, Gefl\u00fcgelfleisch, Pommes frites, Kroketten,\u00a0 1xKnoblauch-, 1xCurry- und 1xChillisauce und \u00a02 Salatbeilage<\/p>\n<p>\u00a0<\/p>\n<p style=\"padding-left: 30px;\">\u00a0<\/p>","protected":false},"excerpt":{"rendered":"<p>Achtung \u26d4\ufe0f!!! Preis ab 01.11.2025 aktualisiert. 138 Rossini-Platte 2 P \u00a0 55,90\u20ac f\u00fcr 2 Personen mit Chicken Wings, Chicken Crossies, H\u00e4hnchengyros, Gefl\u00fcgelfleisch, Pommes frites, Kroketten,\u00a0 1xKnoblauch-, 1xCurry- und 1xChillisauce und \u00a02 Salatbeilage \u00a0 \u00a0<\/p>\n","protected":false},"author":1,"featured_media":0,"parent":0,"menu_order":0,"comment_status":"closed","ping_status":"closed","template":"","meta":[],"_links":{"self":[{"href":"http:\/\/rossini-boostedt.de\/index.php?rest_route=\/wp\/v2\/pages\/166"}],"collection":[{"href":"http:\/\/rossini-boostedt.de\/index.php?rest_route=\/wp\/v2\/pages"}],"about":[{"href":"http:\/\/rossini-boostedt.de\/index.php?rest_route=\/wp\/v2\/types\/page"}],"author":[{"embeddable":true,"href":"http:\/\/rossini-boostedt.de\/index.php?rest_route=\/wp\/v2\/users\/1"}],"replies":[{"embeddable":true,"href":"http:\/\/rossini-boostedt.de\/index.php?rest_route=%2Fwp%2Fv2%2Fcomments&post=166"}],"version-history":[{"count":13,"href":"http:\/\/rossini-boostedt.de\/index.php?rest_route=\/wp\/v2\/pages\/166\/revisions"}],"predecessor-version":[{"id":897,"href":"http:\/\/rossini-boostedt.de\/index.php?rest_route=\/wp\/v2\/pages\/166\/revisions\/897"}],"wp:attachment":[{"href":"http:\/\/rossini-boostedt.de\/index.php?rest_route=%2Fwp%2Fv2%2Fmedia&parent=166"}],"curies":[{"name":"wp","href":"https:\/\/api.w.org\/{rel}","templated":true}]}}