{"id":63,"date":"2017-04-09T10:13:06","date_gmt":"2017-04-09T10:13:06","guid":{"rendered":"http:\/\/rossini-boostedt.de\/?page_id=63"},"modified":"2025-10-31T22:43:10","modified_gmt":"2025-10-31T22:43:10","slug":"calzone","status":"publish","type":"page","link":"http:\/\/rossini-boostedt.de\/?page_id=63","title":{"rendered":"Calzone"},"content":{"rendered":"\n<p class=\"has-vivid-red-color has-text-color\">Achtung!!!Preise ab dem 01.11.2025 aktualisiert.<\/p>\n\n\n<table style=\"height: 313px;\" width=\"571\">\n<tbody>\n<tr>\n<td width=\"29\">51<\/td>\n<td width=\"131\">Calzone <sup>(a)<\/sup> Schinken<\/td>\n<td width=\"293\">\n<p>Teigtasche gef\u00fcllt mit versch.Gem\u00fcse<\/p>\n<p><strong><span style=\"color: #ff0000;\">( Eisbergsalat,Zwiebeln,Paprika,Champignons)<\/span> <\/strong><\/p>\n<p>gekochten Schinken <sup>(2,3,4,15)<\/sup> mit K\u00e4se <sup>(g)<\/sup> \u00fcberbacken<\/p>\n<\/td>\n<td width=\"151\">11,90<\/td>\n<\/tr>\n<tr>\n<td width=\"29\">52<\/td>\n<td width=\"131\">Calzone <sup>(a)<\/sup> Spinat<\/td>\n<td width=\"293\">Teigtasche gef\u00fcllt mit versch . Gem\u00fcse, Spinat, Weissk\u00e4se <sup>(g)<\/sup>, mit K\u00e4se <sup>(g)<\/sup> \u00fcberbacken<\/td>\n<td width=\"151\">13,90<\/td>\n<\/tr>\n<tr>\n<td width=\"29\">53<\/td>\n<td width=\"131\">Calzone<sup> (a)<\/sup> Tonno<\/td>\n<td width=\"293\">\n<p>Teigtasche gef\u00fcllt, mit versch. Gem\u00fcse,<\/p>\n<p>Thunfisch <sup>(d,7)<\/sup>\u00a0 mit\u00a0 K\u00e4se <sup>(g )<\/sup>\u00fcberbacken<\/p>\n<\/td>\n<td width=\"151\">13,90<\/td>\n<\/tr>\n<tr>\n<td width=\"29\">54<\/td>\n<td width=\"131\">Calzone <sup>(a)<\/sup> Hack<\/td>\n<td width=\"293\">Teigtasche gef\u00fcllt, mit versch.Gem\u00fcse, Hackfleisch <sup>(i,k,)<\/sup> mit K\u00e4se <sup>(g)<\/sup> \u00fcberbacken<\/td>\n<td width=\"151\">13,90<\/td>\n<\/tr>\n<tr>\n<td width=\"29\">\u00a0<\/td>\n<td width=\"131\">\u00a0<\/td>\n<td width=\"293\">\u00a0<\/td>\n<td width=\"151\">\u00a0<\/td>\n<\/tr>\n<\/tbody>\n<\/table>\n\n\n<p><\/p>\n","protected":false},"excerpt":{"rendered":"<p>Achtung!!!Preise ab dem 01.11.2025 aktualisiert. 51 Calzone (a) Schinken Teigtasche gef\u00fcllt mit versch.Gem\u00fcse ( Eisbergsalat,Zwiebeln,Paprika,Champignons) gekochten Schinken (2,3,4,15) mit K\u00e4se (g) \u00fcberbacken 11,90 52 Calzone (a) Spinat Teigtasche gef\u00fcllt mit versch . Gem\u00fcse, Spinat, Weissk\u00e4se (g), mit K\u00e4se (g) \u00fcberbacken 13,90 53 Calzone (a) Tonno Teigtasche gef\u00fcllt, mit versch. Gem\u00fcse, Thunfisch (d,7)\u00a0 mit\u00a0 K\u00e4se (g&#8230; <\/p>\n<div class=\"link-more\"><a href=\"http:\/\/rossini-boostedt.de\/?page_id=63\">Read More<\/a><\/div>\n","protected":false},"author":1,"featured_media":0,"parent":0,"menu_order":0,"comment_status":"closed","ping_status":"closed","template":"","meta":[],"_links":{"self":[{"href":"http:\/\/rossini-boostedt.de\/index.php?rest_route=\/wp\/v2\/pages\/63"}],"collection":[{"href":"http:\/\/rossini-boostedt.de\/index.php?rest_route=\/wp\/v2\/pages"}],"about":[{"href":"http:\/\/rossini-boostedt.de\/index.php?rest_route=\/wp\/v2\/types\/page"}],"author":[{"embeddable":true,"href":"http:\/\/rossini-boostedt.de\/index.php?rest_route=\/wp\/v2\/users\/1"}],"replies":[{"embeddable":true,"href":"http:\/\/rossini-boostedt.de\/index.php?rest_route=%2Fwp%2Fv2%2Fcomments&post=63"}],"version-history":[{"count":12,"href":"http:\/\/rossini-boostedt.de\/index.php?rest_route=\/wp\/v2\/pages\/63\/revisions"}],"predecessor-version":[{"id":868,"href":"http:\/\/rossini-boostedt.de\/index.php?rest_route=\/wp\/v2\/pages\/63\/revisions\/868"}],"wp:attachment":[{"href":"http:\/\/rossini-boostedt.de\/index.php?rest_route=%2Fwp%2Fv2%2Fmedia&parent=63"}],"curies":[{"name":"wp","href":"https:\/\/api.w.org\/{rel}","templated":true}]}}